{"id":17,"date":"2013-06-25T11:47:11","date_gmt":"2013-06-25T09:47:11","guid":{"rendered":"http:\/\/schweinfurtundgruen.de\/?page_id=17"},"modified":"2013-06-25T11:49:45","modified_gmt":"2013-06-25T09:49:45","slug":"17-2","status":"publish","type":"page","link":"http:\/\/schweinfurtundgruen.de\/?page_id=17","title":{"rendered":"Impressum"},"content":{"rendered":"<h3>Impressum<\/h3>\n<p>&nbsp;<\/p>\n<p>Andr\u00e9 Kunz<\/p>\n<p>Augustenburger Str. 7<\/p>\n<p>22769 Hamburg<\/p>\n<p>info ( a t ) artishox ( d o t ) de<\/p>\n<p>&nbsp;<\/p>\n<p>&nbsp;<\/p>\n<p><span>Die Bilder, Fotos und Texte auf dieser Domain sind urheberrechtlich gesch\u00fctzt. Jede weitere Nutzung und Verwertung bedarf der schriftlichen Zustimmung des Urhebers.<\/span><\/p>\n<p><span>Auf dieser Webseite sind Links zu Webseiten von Dritten enthalten, deren Inhalt ich nicht beeinflussen und von daher auch keine Verantwortung f\u00fcr deren Inhalte \u00fcbernehmen kann. Hierf\u00fcr ist der jeweilige Betreiber der verlinkten Seiten zust\u00e4ndig. Da ich den Inhalt der verlinkten Seiten nicht st\u00e4ndig \u00fcberpr\u00fcfen kann, stelle ich fest, da\u00df rechtswidrige Inhalte zur Zeit der Verlinkung nicht erkennbar waren, ich die jeweilige Verlinkung jedoch entfernen w\u00fcrde, sollte mir Anderes bekannt werden. <\/span><\/p>\n<p><span>Hiermit wird der Verwendung der aufgrund der Impressumspflicht ver\u00f6ffentlichten Kontaktdaten zur postalischen oder elektonischen \u00dcbersendung von nicht angeforderten Werbe- und Informationsmaterialien widersprochen.<\/span><\/p>\n","protected":false},"excerpt":{"rendered":"<p>Impressum &nbsp; Andr\u00e9 Kunz Augustenburger Str. 7 22769 Hamburg info ( a t ) artishox ( d o t ) de &nbsp; &nbsp; Die Bilder, Fotos und Texte auf dieser Domain sind urheberrechtlich gesch\u00fctzt. Jede weitere Nutzung und Verwertung bedarf der schriftlichen Zustimmung des Urhebers. Auf dieser Webseite sind Links zu Webseiten von Dritten enthalten, [&hellip;]<\/p>\n","protected":false},"author":1,"featured_media":0,"parent":0,"menu_order":0,"comment_status":"closed","ping_status":"closed","template":"page-templates\/full-width.php","meta":{"footnotes":""},"class_list":["post-17","page","type-page","status-publish","hentry"],"_links":{"self":[{"href":"http:\/\/schweinfurtundgruen.de\/index.php?rest_route=\/wp\/v2\/pages\/17","targetHints":{"allow":["GET"]}}],"collection":[{"href":"http:\/\/schweinfurtundgruen.de\/index.php?rest_route=\/wp\/v2\/pages"}],"about":[{"href":"http:\/\/schweinfurtundgruen.de\/index.php?rest_route=\/wp\/v2\/types\/page"}],"author":[{"embeddable":true,"href":"http:\/\/schweinfurtundgruen.de\/index.php?rest_route=\/wp\/v2\/users\/1"}],"replies":[{"embeddable":true,"href":"http:\/\/schweinfurtundgruen.de\/index.php?rest_route=%2Fwp%2Fv2%2Fcomments&post=17"}],"version-history":[{"count":4,"href":"http:\/\/schweinfurtundgruen.de\/index.php?rest_route=\/wp\/v2\/pages\/17\/revisions"}],"predecessor-version":[{"id":19,"href":"http:\/\/schweinfurtundgruen.de\/index.php?rest_route=\/wp\/v2\/pages\/17\/revisions\/19"}],"wp:attachment":[{"href":"http:\/\/schweinfurtundgruen.de\/index.php?rest_route=%2Fwp%2Fv2%2Fmedia&parent=17"}],"curies":[{"name":"wp","href":"https:\/\/api.w.org\/{rel}","templated":true}]}}